{"id":39,"date":"2025-12-22T13:50:25","date_gmt":"2025-12-22T13:50:25","guid":{"rendered":"https:\/\/ikreando.cl\/?page_id=39"},"modified":"2026-01-03T04:39:51","modified_gmt":"2026-01-03T04:39:51","slug":"remodelaciones","status":"publish","type":"page","link":"https:\/\/ikreando.cl\/index.php\/remodelaciones\/","title":{"rendered":"Remodelaciones"},"content":{"rendered":"<p>[et_pb_section fb_built=\u00bb1&#8243; _builder_version=\u00bb4.27.5&#8243; _module_preset=\u00bbdefault\u00bb custom_padding=\u00bb0px||0px||true|false\u00bb global_colors_info=\u00bb{}\u00bb][et_pb_row _builder_version=\u00bb4.27.5&#8243; _module_preset=\u00bbdefault\u00bb custom_padding=\u00bb0px||0px||true|false\u00bb global_colors_info=\u00bb{}\u00bb][et_pb_column type=\u00bb4_4&#8243; _builder_version=\u00bb4.27.5&#8243; _module_preset=\u00bbdefault\u00bb global_colors_info=\u00bb{}\u00bb][et_pb_code _builder_version=\u00bb4.27.5&#8243; _module_preset=\u00bbdefault\u00bb hover_enabled=\u00bb0&#8243; global_colors_info=\u00bb{}\u00bb sticky_enabled=\u00bb0&#8243;]<!-- ==========================================<!-- [et_pb_line_break_holder] -->IKREANDO \u00b7 \u00c1REAS DE DISE\u00d1O (COMPLETO)<!-- [et_pb_line_break_holder] -->\u2705 Portada FULLWIDTH (imagen + t\u00edtulo + subt\u00edtulo)<!-- [et_pb_line_break_holder] -->\u2705 Texto completo + 4 \u00e1reas (cards con fotos)<!-- [et_pb_line_break_holder] -->\u2705 Fondo cards SIN gradientes<!-- [et_pb_line_break_holder] -->\u2705 Cards colores base Ikreando<!-- [et_pb_line_break_holder] -->========================================== &#8211;><!-- [et_pb_line_break_holder] --><!-- [et_pb_line_break_holder] --><!-- ====== PORTADA FULLWIDTH ====== --><!-- [et_pb_line_break_holder] --><\/p>\n<section class=\"ikdf\" aria-label=\"Portada \u00e1reas de dise\u00f1o\"><!-- [et_pb_line_break_holder] -->  <\/p>\n<div class=\"ikdf-bg\" role=\"img\" aria-label=\"Dise\u00f1o Ikreando\"<!-- [et_pb_line_break_holder] -->       style=\u00bbbackground-image:url(&#8216;https:\/\/ikreando.cl\/wp-content\/uploads\/2025\/12\/20240509_115540-scaled.jpg&#8217;);\u00bb><\/div>\n<p><!-- [et_pb_line_break_holder] --><!-- [et_pb_line_break_holder] -->  <\/p>\n<div class=\"ikdf-overlay\" aria-hidden=\"true\"><\/div>\n<p><!-- [et_pb_line_break_holder] --><!-- [et_pb_line_break_holder] -->  <\/p>\n<div class=\"ikdf-wrap\"><!-- [et_pb_line_break_holder] -->    <\/p>\n<div class=\"ikdf-content\"><!-- [et_pb_line_break_holder] --><!-- [et_pb_line_break_holder] -->      <\/p>\n<div class=\"ikdf-kicker\"><!-- [et_pb_line_break_holder] -->        <span class=\"ikdf-dot\"><\/span><!-- [et_pb_line_break_holder] -->        <span>\u00c1REAS DE DISE\u00d1O<\/span><!-- [et_pb_line_break_holder] -->      <\/div>\n<p><!-- [et_pb_line_break_holder] --><!-- [et_pb_line_break_holder] -->      <\/p>\n<h1 class=\"ikdf-title\">Creamos espacios que se viven<\/h1>\n<p><!-- [et_pb_line_break_holder] --><!-- [et_pb_line_break_holder] -->      <pee class=\"ikdf-sub\"><!-- [et_pb_line_break_holder] -->        Redise\u00f1amos los distintos espacios de tu hogar con precisi\u00f3n de ingenier\u00eda y estilo \u00fanico.<!-- [et_pb_line_break_holder] -->      <\/pee><!-- [et_pb_line_break_holder] --><!-- [et_pb_line_break_holder] -->      <\/p>\n<div class=\"ikdf-note\"><!-- [et_pb_line_break_holder] -->        <span class=\"ikdf-bar\" aria-hidden=\"true\"><\/span><!-- [et_pb_line_break_holder] -->        <\/p>\n<div><!-- [et_pb_line_break_holder] -->          <\/p>\n<div class=\"ikdf-strong\">Dise\u00f1o, funcionalidad y terminaciones que elevan tu hogar.<\/div>\n<p><!-- [et_pb_line_break_holder] -->          <\/p>\n<div class=\"ikdf-small\">Planificaci\u00f3n clara, materiales de calidad y ejecuci\u00f3n con alto est\u00e1ndar.<\/div>\n<p><!-- [et_pb_line_break_holder] -->        <\/div>\n<p><!-- [et_pb_line_break_holder] -->      <\/div>\n<p><!-- [et_pb_line_break_holder] --><!-- [et_pb_line_break_holder] -->    <\/div>\n<p><!-- [et_pb_line_break_holder] -->  <\/div>\n<p><!-- [et_pb_line_break_holder] --><\/section>\n<p><!-- [et_pb_line_break_holder] --><!-- [et_pb_line_break_holder] --><!-- ====== CONTENIDO (cards con fotos) ====== --><!-- [et_pb_line_break_holder] --><\/p>\n<section class=\"ikd\" id=\"areas-de-diseno\"><!-- [et_pb_line_break_holder] -->  <\/p>\n<div class=\"ikd-wrap\"><!-- [et_pb_line_break_holder] --><!-- [et_pb_line_break_holder] -->    <\/p>\n<div class=\"ikd-head\"><!-- [et_pb_line_break_holder] -->      <\/p>\n<h2 class=\"ikd-h2\">\u00c1reas de dise\u00f1o<\/h2>\n<p><!-- [et_pb_line_break_holder] -->      <pee class=\"ikd-lead\"><!-- [et_pb_line_break_holder] -->        Redise\u00f1amos los distintos espacios de tu hogar con precisi\u00f3n de ingenier\u00eda y estilo \u00fanico.<!-- [et_pb_line_break_holder] -->        Creamos espacios que se viven.<!-- [et_pb_line_break_holder] -->      <\/pee><!-- [et_pb_line_break_holder] -->    <\/div>\n<p><!-- [et_pb_line_break_holder] --><!-- [et_pb_line_break_holder] -->    <\/p>\n<div class=\"ikd-grid\" aria-label=\"\u00c1reas\"><!-- [et_pb_line_break_holder] --><!-- [et_pb_line_break_holder] -->      <!-- Cocina --><!-- [et_pb_line_break_holder] -->      <\/p>\n<article class=\"ikd-card\"><!-- [et_pb_line_break_holder] -->        <\/p>\n<div class=\"ikd-img\" style=\"background-image:url('https:\/\/ikreando.cl\/wp-content\/uploads\/2026\/01\/remodelacion-cocina.jpg');\"><\/div>\n<p><!-- [et_pb_line_break_holder] -->        <\/p>\n<div class=\"ikd-body\"><!-- [et_pb_line_break_holder] -->          <\/p>\n<div class=\"ikd-topline\" aria-hidden=\"true\"><\/div>\n<p><!-- [et_pb_line_break_holder] -->          <\/p>\n<h3 class=\"ikd-h3\">Cocina<\/h3>\n<p><!-- [et_pb_line_break_holder] -->          <\/p>\n<div class=\"ikd-sub\">Funcionalidad + dise\u00f1o<\/div>\n<p><!-- [et_pb_line_break_holder] -->          <pee class=\"ikd-quote\"><!-- [et_pb_line_break_holder] -->            El coraz\u00f3n de tu hogar merece funcionalidad y dise\u00f1o, creamos espacios ergon\u00f3micos con materiales de vanguardia.<!-- [et_pb_line_break_holder] -->          <\/pee><!-- [et_pb_line_break_holder] -->        <\/div>\n<p><!-- [et_pb_line_break_holder] -->      <\/article>\n<p><!-- [et_pb_line_break_holder] --><!-- [et_pb_line_break_holder] -->      <!-- Ba\u00f1o --><!-- [et_pb_line_break_holder] -->      <\/p>\n<article class=\"ikd-card\"><!-- [et_pb_line_break_holder] -->        <\/p>\n<div class=\"ikd-img\" style=\"background-image:url('https:\/\/ikreando.cl\/wp-content\/uploads\/2025\/12\/20251025_195925-scaled.jpg');\"><\/div>\n<p><!-- [et_pb_line_break_holder] -->        <\/p>\n<div class=\"ikd-body\"><!-- [et_pb_line_break_holder] -->          <\/p>\n<div class=\"ikd-topline\" aria-hidden=\"true\"><\/div>\n<p><!-- [et_pb_line_break_holder] -->          <\/p>\n<h3 class=\"ikd-h3\">Ba\u00f1o<\/h3>\n<p><!-- [et_pb_line_break_holder] -->          <\/p>\n<div class=\"ikd-sub\">Acabados so\u00f1ados<\/div>\n<p><!-- [et_pb_line_break_holder] -->          <pee class=\"ikd-quote\"><!-- [et_pb_line_break_holder] -->            Transformamos tu ba\u00f1o en un espacio de relajo con terminaciones de alto est\u00e1ndar.<!-- [et_pb_line_break_holder] -->          <\/pee><!-- [et_pb_line_break_holder] -->        <\/div>\n<p><!-- [et_pb_line_break_holder] -->      <\/article>\n<p><!-- [et_pb_line_break_holder] --><!-- [et_pb_line_break_holder] -->      <!-- Open concept --><!-- [et_pb_line_break_holder] -->      <\/p>\n<article class=\"ikd-card\"><!-- [et_pb_line_break_holder] -->        <\/p>\n<div class=\"ikd-img\" style=\"background-image:url('https:\/\/ikreando.cl\/wp-content\/uploads\/2025\/12\/20240509_115540-scaled.jpg');\"><\/div>\n<p><!-- [et_pb_line_break_holder] -->        <\/p>\n<div class=\"ikd-body\"><!-- [et_pb_line_break_holder] -->          <\/p>\n<div class=\"ikd-topline\" aria-hidden=\"true\"><\/div>\n<p><!-- [et_pb_line_break_holder] -->          <\/p>\n<h3 class=\"ikd-h3\">Open concept<\/h3>\n<p><!-- [et_pb_line_break_holder] -->          <\/p>\n<div class=\"ikd-sub\">Integrado + luminoso<\/div>\n<p><!-- [et_pb_line_break_holder] -->          <pee class=\"ikd-quote\"><!-- [et_pb_line_break_holder] -->            Espacios integrados, amplios y luminosos, dise\u00f1ados para compartir y disfrutar.<!-- [et_pb_line_break_holder] -->          <\/pee><!-- [et_pb_line_break_holder] -->        <\/div>\n<p><!-- [et_pb_line_break_holder] -->      <\/article>\n<p><!-- [et_pb_line_break_holder] --><!-- [et_pb_line_break_holder] -->      <!-- Terrazas y quinchos --><!-- [et_pb_line_break_holder] -->      <\/p>\n<article class=\"ikd-card\"><!-- [et_pb_line_break_holder] -->        <\/p>\n<div class=\"ikd-img\" style=\"background-image:url('https:\/\/ikreando.cl\/wp-content\/uploads\/2025\/12\/20240705_114929-scaled.jpg');\"><\/div>\n<p><!-- [et_pb_line_break_holder] -->        <\/p>\n<div class=\"ikd-body\"><!-- [et_pb_line_break_holder] -->          <\/p>\n<div class=\"ikd-topline\" aria-hidden=\"true\"><\/div>\n<p><!-- [et_pb_line_break_holder] -->          <\/p>\n<h3 class=\"ikd-h3\">Terrazas y quinchos<\/h3>\n<p><!-- [et_pb_line_break_holder] -->          <\/p>\n<div class=\"ikd-sub\">Encuentro al aire libre<\/div>\n<p><!-- [et_pb_line_break_holder] -->          <pee class=\"ikd-quote\"><!-- [et_pb_line_break_holder] -->            Dise\u00f1amos espacios exteriores pensados para el encuentro y la vida social.<!-- [et_pb_line_break_holder] -->          <\/pee><!-- [et_pb_line_break_holder] -->        <\/div>\n<p><!-- [et_pb_line_break_holder] -->      <\/article>\n<p><!-- [et_pb_line_break_holder] --><!-- [et_pb_line_break_holder] -->    <\/div>\n<p><!-- [et_pb_line_break_holder] --><!-- [et_pb_line_break_holder] -->  <\/div>\n<p><!-- [et_pb_line_break_holder] --><\/section>\n<p><!-- [et_pb_line_break_holder] --><!-- [et_pb_line_break_holder] --><\/p>\n<style><!-- [et_pb_line_break_holder] -->  \/* =========================================================<!-- [et_pb_line_break_holder] -->     PORTADA FULLWIDTH<!-- [et_pb_line_break_holder] -->     ========================================================= *\/<!-- [et_pb_line_break_holder] -->  .ikdf{<!-- [et_pb_line_break_holder] -->    \/* PALETA IKREANDO SOBRIA *\/<!-- [et_pb_line_break_holder] -->    --ik-black:#0e0e10;<!-- [et_pb_line_break_holder] -->    --ik-red:#8f0d0d;<!-- [et_pb_line_break_holder] -->    --ik-gold:#b08a2e;<!-- [et_pb_line_break_holder] --><!-- [et_pb_line_break_holder] -->    position: relative;<!-- [et_pb_line_break_holder] -->    width: 100vw;<!-- [et_pb_line_break_holder] -->    left: 50%;<!-- [et_pb_line_break_holder] -->    right: 50%;<!-- [et_pb_line_break_holder] -->    margin-left: -50vw;<!-- [et_pb_line_break_holder] -->    margin-right: -50vw;<!-- [et_pb_line_break_holder] --><!-- [et_pb_line_break_holder] -->    min-height: clamp(380px, 55vw, 620px);<!-- [et_pb_line_break_holder] -->    display: grid;<!-- [et_pb_line_break_holder] -->    place-items: center;<!-- [et_pb_line_break_holder] -->    overflow: hidden;<!-- [et_pb_line_break_holder] -->    color: #fff;<!-- [et_pb_line_break_holder] -->    isolation: isolate;<!-- [et_pb_line_break_holder] -->  }<!-- [et_pb_line_break_holder] -->  .ikdf-bg{<!-- [et_pb_line_break_holder] -->    position:absolute; inset:0;<!-- [et_pb_line_break_holder] -->    background-size: cover;<!-- [et_pb_line_break_holder] -->    background-position: center;<!-- [et_pb_line_break_holder] -->    transform: scale(1.03);<!-- [et_pb_line_break_holder] -->    filter: contrast(1.05) saturate(1.03);<!-- [et_pb_line_break_holder] -->    z-index:0;<!-- [et_pb_line_break_holder] -->  }<!-- [et_pb_line_break_holder] -->  .ikdf-overlay{<!-- [et_pb_line_break_holder] -->    position:absolute; inset:0;<!-- [et_pb_line_break_holder] -->    z-index:1;<!-- [et_pb_line_break_holder] -->    background:<!-- [et_pb_line_break_holder] -->      radial-gradient(900px 420px at 14% 20%, rgba(176,138,46,.22), transparent 60%),<!-- [et_pb_line_break_holder] -->      radial-gradient(860px 420px at 86% 18%, rgba(143,13,13,.20), transparent 62%),<!-- [et_pb_line_break_holder] -->      linear-gradient(180deg, rgba(0,0,0,.58), rgba(0,0,0,.76));<!-- [et_pb_line_break_holder] -->  }<!-- [et_pb_line_break_holder] -->  .ikdf-wrap{<!-- [et_pb_line_break_holder] -->    position:relative; z-index:2;<!-- [et_pb_line_break_holder] -->    width: min(1140px, 92vw);<!-- [et_pb_line_break_holder] -->    margin:0 auto;<!-- [et_pb_line_break_holder] -->    padding: clamp(22px, 3.5vw, 48px) 0;<!-- [et_pb_line_break_holder] -->  }<!-- [et_pb_line_break_holder] -->  .ikdf-content{<!-- [et_pb_line_break_holder] -->    max-width: 860px;<!-- [et_pb_line_break_holder] -->    padding: clamp(18px, 3vw, 28px);<!-- [et_pb_line_break_holder] -->    border-radius: 26px;<!-- [et_pb_line_break_holder] -->    background: rgba(0,0,0,.28);<!-- [et_pb_line_break_holder] -->    border: 1px solid rgba(255,255,255,.14);<!-- [et_pb_line_break_holder] -->    backdrop-filter: blur(10px);<!-- [et_pb_line_break_holder] -->    -webkit-backdrop-filter: blur(10px);<!-- [et_pb_line_break_holder] -->    box-shadow: 0 26px 80px rgba(0,0,0,.35);<!-- [et_pb_line_break_holder] -->  }<!-- [et_pb_line_break_holder] -->  .ikdf-kicker{<!-- [et_pb_line_break_holder] -->    display:inline-flex; align-items:center; gap:10px;<!-- [et_pb_line_break_holder] -->    padding: 9px 12px;<!-- [et_pb_line_break_holder] -->    border-radius: 999px;<!-- [et_pb_line_break_holder] -->    border: 1px solid rgba(255,255,255,.18);<!-- [et_pb_line_break_holder] -->    background: rgba(255,255,255,.08);<!-- [et_pb_line_break_holder] -->    font-weight: 1000;<!-- [et_pb_line_break_holder] -->    font-size: 12.5px;<!-- [et_pb_line_break_holder] -->    letter-spacing: .4px;<!-- [et_pb_line_break_holder] -->    color: rgba(255,255,255,.92);<!-- [et_pb_line_break_holder] -->  }<!-- [et_pb_line_break_holder] -->  .ikdf-dot{<!-- [et_pb_line_break_holder] -->    width: 10px; height: 10px; border-radius: 3px;<!-- [et_pb_line_break_holder] -->    background: linear-gradient(135deg, var(--ik-gold), var(--ik-red));<!-- [et_pb_line_break_holder] -->    box-shadow: 0 0 0 4px rgba(176,138,46,.18);<!-- [et_pb_line_break_holder] -->  }<!-- [et_pb_line_break_holder] -->  .ikdf-title{<!-- [et_pb_line_break_holder] -->    margin: 16px 0 10px;<!-- [et_pb_line_break_holder] -->    font-size: clamp(30px, 4.8vw, 56px);<!-- [et_pb_line_break_holder] -->    line-height: 1.05;<!-- [et_pb_line_break_holder] -->    letter-spacing: -1px;<!-- [et_pb_line_break_holder] -->    color:#fff;<!-- [et_pb_line_break_holder] -->    text-shadow: 0 12px 34px rgba(0,0,0,.45);<!-- [et_pb_line_break_holder] -->  }<!-- [et_pb_line_break_holder] -->  .ikdf-sub{<!-- [et_pb_line_break_holder] -->    margin: 0;<!-- [et_pb_line_break_holder] -->    font-size: clamp(15.5px, 1.7vw, 18.5px);<!-- [et_pb_line_break_holder] -->    line-height: 1.7;<!-- [et_pb_line_break_holder] -->    color: rgba(255,255,255,.88);<!-- [et_pb_line_break_holder] -->    max-width: 72ch;<!-- [et_pb_line_break_holder] -->    text-shadow: 0 10px 30px rgba(0,0,0,.35);<!-- [et_pb_line_break_holder] -->  }<!-- [et_pb_line_break_holder] -->  .ikdf-note{<!-- [et_pb_line_break_holder] -->    margin-top: 14px;<!-- [et_pb_line_break_holder] -->    padding: 12px 12px;<!-- [et_pb_line_break_holder] -->    border-radius: 18px;<!-- [et_pb_line_break_holder] -->    background: rgba(255,255,255,.08);<!-- [et_pb_line_break_holder] -->    border: 1px solid rgba(255,255,255,.16);<!-- [et_pb_line_break_holder] -->    display:flex; gap: 10px; align-items:flex-start;<!-- [et_pb_line_break_holder] -->  }<!-- [et_pb_line_break_holder] -->  .ikdf-bar{<!-- [et_pb_line_break_holder] -->    width: 6px; height: 50px;<!-- [et_pb_line_break_holder] -->    border-radius: 999px;<!-- [et_pb_line_break_holder] -->    background: linear-gradient(180deg, var(--ik-red), var(--ik-gold));<!-- [et_pb_line_break_holder] -->    flex: 0 0 auto;<!-- [et_pb_line_break_holder] -->    margin-top: 2px;<!-- [et_pb_line_break_holder] -->  }<!-- [et_pb_line_break_holder] -->  .ikdf-strong{ font-weight: 1000; letter-spacing: -.2px; }<!-- [et_pb_line_break_holder] -->  .ikdf-small{ margin-top: 2px; font-size: 13px; color: rgba(255,255,255,.80); line-height: 1.55; }<!-- [et_pb_line_break_holder] --><!-- [et_pb_line_break_holder] -->  \/* =========================================================<!-- [et_pb_line_break_holder] -->     CONTENIDO (CARDS) \u00b7 SIN GRADIENTE DE FONDO<!-- [et_pb_line_break_holder] -->     ========================================================= *\/<!-- [et_pb_line_break_holder] -->  .ikd{<!-- [et_pb_line_break_holder] -->    --ik-black:#0e0e10;<!-- [et_pb_line_break_holder] -->    --ik-red:#8f0d0d;<!-- [et_pb_line_break_holder] -->    --ik-gold:#b08a2e;<!-- [et_pb_line_break_holder] --><!-- [et_pb_line_break_holder] -->    --ik-ink:rgba(14,14,16,.94);<!-- [et_pb_line_break_holder] -->    --ik-muted:rgba(14,14,16,.64);<!-- [et_pb_line_break_holder] -->    --ik-border:rgba(14,14,16,.12);<!-- [et_pb_line_break_holder] -->    --ik-shadow:0 16px 44px rgba(0,0,0,.10);<!-- [et_pb_line_break_holder] --><!-- [et_pb_line_break_holder] -->    padding: clamp(24px, 4vw, 60px) 0;<!-- [et_pb_line_break_holder] -->    background: #ffffff; \/* \u2705 sin gradientes *\/<!-- [et_pb_line_break_holder] -->    color: var(--ik-ink);<!-- [et_pb_line_break_holder] -->  }<!-- [et_pb_line_break_holder] -->  .ikd-wrap{ width:min(1140px, 92vw); margin:0 auto; }<!-- [et_pb_line_break_holder] --><!-- [et_pb_line_break_holder] -->  .ikd-head{<!-- [et_pb_line_break_holder] -->    margin-bottom: 18px;<!-- [et_pb_line_break_holder] -->    display:flex;<!-- [et_pb_line_break_holder] -->    align-items:flex-end;<!-- [et_pb_line_break_holder] -->    justify-content:space-between;<!-- [et_pb_line_break_holder] -->    gap: 14px;<!-- [et_pb_line_break_holder] -->    flex-wrap: wrap;<!-- [et_pb_line_break_holder] -->  }<!-- [et_pb_line_break_holder] -->  .ikd-h2{<!-- [et_pb_line_break_holder] -->    margin:0;<!-- [et_pb_line_break_holder] -->    font-size: 20px;<!-- [et_pb_line_break_holder] -->    letter-spacing: -.2px;<!-- [et_pb_line_break_holder] -->    color: var(--ik-black);<!-- [et_pb_line_break_holder] -->    font-weight: 1000;<!-- [et_pb_line_break_holder] -->  }<!-- [et_pb_line_break_holder] -->  .ikd-lead{<!-- [et_pb_line_break_holder] -->    margin:0;<!-- [et_pb_line_break_holder] -->    max-width: 78ch;<!-- [et_pb_line_break_holder] -->    color: var(--ik-muted);<!-- [et_pb_line_break_holder] -->    line-height: 1.7;<!-- [et_pb_line_break_holder] -->    font-size: 14.8px;<!-- [et_pb_line_break_holder] -->  }<!-- [et_pb_line_break_holder] --><!-- [et_pb_line_break_holder] -->  .ikd-grid{<!-- [et_pb_line_break_holder] -->    display:grid;<!-- [et_pb_line_break_holder] -->    grid-template-columns: repeat(4, 1fr);<!-- [et_pb_line_break_holder] -->    gap: 14px;<!-- [et_pb_line_break_holder] -->  }<!-- [et_pb_line_break_holder] --><!-- [et_pb_line_break_holder] -->  .ikd-card{<!-- [et_pb_line_break_holder] -->    border-radius: 22px;<!-- [et_pb_line_break_holder] -->    border: 1px solid var(--ik-border);<!-- [et_pb_line_break_holder] -->    box-shadow: var(--ik-shadow);<!-- [et_pb_line_break_holder] -->    background: #fff;<!-- [et_pb_line_break_holder] -->    overflow:hidden;<!-- [et_pb_line_break_holder] -->    display:flex;<!-- [et_pb_line_break_holder] -->    flex-direction: column;<!-- [et_pb_line_break_holder] -->  }<!-- [et_pb_line_break_holder] --><!-- [et_pb_line_break_holder] -->  .ikd-img{<!-- [et_pb_line_break_holder] -->    height: 180px;<!-- [et_pb_line_break_holder] -->    background-size: cover;<!-- [et_pb_line_break_holder] -->    background-position: center;<!-- [et_pb_line_break_holder] -->    filter: contrast(1.03) saturate(1.02);<!-- [et_pb_line_break_holder] -->  }<!-- [et_pb_line_break_holder] --><!-- [et_pb_line_break_holder] -->  .ikd-body{<!-- [et_pb_line_break_holder] -->    padding: 14px;<!-- [et_pb_line_break_holder] -->    position: relative;<!-- [et_pb_line_break_holder] -->  }<!-- [et_pb_line_break_holder] --><!-- [et_pb_line_break_holder] -->  \/* l\u00ednea superior Ikreando *\/<!-- [et_pb_line_break_holder] -->  .ikd-topline{<!-- [et_pb_line_break_holder] -->    height: 4px;<!-- [et_pb_line_break_holder] -->    width: 56px;<!-- [et_pb_line_break_holder] -->    border-radius: 999px;<!-- [et_pb_line_break_holder] -->    background: linear-gradient(90deg, var(--ik-red), var(--ik-gold));<!-- [et_pb_line_break_holder] -->    margin-bottom: 10px;<!-- [et_pb_line_break_holder] -->  }<!-- [et_pb_line_break_holder] --><!-- [et_pb_line_break_holder] -->  .ikd-h3{<!-- [et_pb_line_break_holder] -->    margin:0;<!-- [et_pb_line_break_holder] -->    font-size: 16px;<!-- [et_pb_line_break_holder] -->    color: var(--ik-black);<!-- [et_pb_line_break_holder] -->    letter-spacing: -.2px;<!-- [et_pb_line_break_holder] -->    font-weight: 1000;<!-- [et_pb_line_break_holder] -->  }<!-- [et_pb_line_break_holder] -->  .ikd-sub{<!-- [et_pb_line_break_holder] -->    margin-top: 2px;<!-- [et_pb_line_break_holder] -->    font-size: 13px;<!-- [et_pb_line_break_holder] -->    color: var(--ik-red);<!-- [et_pb_line_break_holder] -->    font-weight: 900;<!-- [et_pb_line_break_holder] -->  }<!-- [et_pb_line_break_holder] -->  .ikd-quote{<!-- [et_pb_line_break_holder] -->    margin: 8px 0 0;<!-- [et_pb_line_break_holder] -->    color: var(--ik-muted);<!-- [et_pb_line_break_holder] -->    line-height: 1.7;<!-- [et_pb_line_break_holder] -->    font-size: 14.2px;<!-- [et_pb_line_break_holder] -->  }<!-- [et_pb_line_break_holder] --><!-- [et_pb_line_break_holder] -->  \/* Responsive *\/<!-- [et_pb_line_break_holder] -->  @media (max-width: 980px){<!-- [et_pb_line_break_holder] -->    .ikd-grid{ grid-template-columns: 1fr 1fr; }<!-- [et_pb_line_break_holder] -->  }<!-- [et_pb_line_break_holder] -->  @media (max-width: 520px){<!-- [et_pb_line_break_holder] -->    .ikd-grid{ grid-template-columns: 1fr; }<!-- [et_pb_line_break_holder] -->    .ikd-img{ height: 200px; }<!-- [et_pb_line_break_holder] -->  }<!-- [et_pb_line_break_holder] -->  @media (prefers-reduced-motion: reduce){<!-- [et_pb_line_break_holder] -->    .ikdf-bg{ transform: none; }<!-- [et_pb_line_break_holder] -->  }<!-- [et_pb_line_break_holder] --><\/style>\n<p><!-- [et_pb_line_break_holder] -->[\/et_pb_code][\/et_pb_column][\/et_pb_row][\/et_pb_section]<\/p>\n","protected":false},"excerpt":{"rendered":"","protected":false},"author":1,"featured_media":0,"parent":0,"menu_order":0,"comment_status":"closed","ping_status":"closed","template":"","meta":{"_et_pb_use_builder":"on","_et_pb_old_content":"","_et_gb_content_width":"","footnotes":""},"class_list":["post-39","page","type-page","status-publish","hentry"],"yoast_head":"<!-- This site is optimized with the Yoast SEO plugin v26.6 - https:\/\/yoast.com\/wordpress\/plugins\/seo\/ -->\n<title>Remodelaciones - Ikreando<\/title>\n<meta name=\"robots\" content=\"index, follow, max-snippet:-1, max-image-preview:large, max-video-preview:-1\" \/>\n<link rel=\"canonical\" href=\"https:\/\/ikreando.cl\/index.php\/remodelaciones\/\" \/>\n<meta property=\"og:locale\" content=\"es_ES\" \/>\n<meta property=\"og:type\" content=\"article\" \/>\n<meta property=\"og:title\" content=\"Remodelaciones - Ikreando\" \/>\n<meta property=\"og:url\" content=\"https:\/\/ikreando.cl\/index.php\/remodelaciones\/\" \/>\n<meta property=\"og:site_name\" content=\"Ikreando\" \/>\n<meta property=\"article:modified_time\" content=\"2026-01-03T04:39:51+00:00\" \/>\n<meta name=\"twitter:card\" content=\"summary_large_image\" \/>\n<meta name=\"twitter:label1\" content=\"Tiempo de lectura\" \/>\n\t<meta name=\"twitter:data1\" content=\"1 minuto\" \/>\n<script type=\"application\/ld+json\" class=\"yoast-schema-graph\">{\"@context\":\"https:\/\/schema.org\",\"@graph\":[{\"@type\":\"WebPage\",\"@id\":\"https:\/\/ikreando.cl\/index.php\/remodelaciones\/\",\"url\":\"https:\/\/ikreando.cl\/index.php\/remodelaciones\/\",\"name\":\"Remodelaciones - Ikreando\",\"isPartOf\":{\"@id\":\"https:\/\/ikreando.cl\/#website\"},\"datePublished\":\"2025-12-22T13:50:25+00:00\",\"dateModified\":\"2026-01-03T04:39:51+00:00\",\"breadcrumb\":{\"@id\":\"https:\/\/ikreando.cl\/index.php\/remodelaciones\/#breadcrumb\"},\"inLanguage\":\"es\",\"potentialAction\":[{\"@type\":\"ReadAction\",\"target\":[\"https:\/\/ikreando.cl\/index.php\/remodelaciones\/\"]}]},{\"@type\":\"BreadcrumbList\",\"@id\":\"https:\/\/ikreando.cl\/index.php\/remodelaciones\/#breadcrumb\",\"itemListElement\":[{\"@type\":\"ListItem\",\"position\":1,\"name\":\"Portada\",\"item\":\"https:\/\/ikreando.cl\/\"},{\"@type\":\"ListItem\",\"position\":2,\"name\":\"Remodelaciones\"}]},{\"@type\":\"WebSite\",\"@id\":\"https:\/\/ikreando.cl\/#website\",\"url\":\"https:\/\/ikreando.cl\/\",\"name\":\"Ikreando\",\"description\":\"\",\"potentialAction\":[{\"@type\":\"SearchAction\",\"target\":{\"@type\":\"EntryPoint\",\"urlTemplate\":\"https:\/\/ikreando.cl\/?s={search_term_string}\"},\"query-input\":{\"@type\":\"PropertyValueSpecification\",\"valueRequired\":true,\"valueName\":\"search_term_string\"}}],\"inLanguage\":\"es\"}]}<\/script>\n<!-- \/ Yoast SEO plugin. -->","yoast_head_json":{"title":"Remodelaciones - Ikreando","robots":{"index":"index","follow":"follow","max-snippet":"max-snippet:-1","max-image-preview":"max-image-preview:large","max-video-preview":"max-video-preview:-1"},"canonical":"https:\/\/ikreando.cl\/index.php\/remodelaciones\/","og_locale":"es_ES","og_type":"article","og_title":"Remodelaciones - Ikreando","og_url":"https:\/\/ikreando.cl\/index.php\/remodelaciones\/","og_site_name":"Ikreando","article_modified_time":"2026-01-03T04:39:51+00:00","twitter_card":"summary_large_image","twitter_misc":{"Tiempo de lectura":"1 minuto"},"schema":{"@context":"https:\/\/schema.org","@graph":[{"@type":"WebPage","@id":"https:\/\/ikreando.cl\/index.php\/remodelaciones\/","url":"https:\/\/ikreando.cl\/index.php\/remodelaciones\/","name":"Remodelaciones - Ikreando","isPartOf":{"@id":"https:\/\/ikreando.cl\/#website"},"datePublished":"2025-12-22T13:50:25+00:00","dateModified":"2026-01-03T04:39:51+00:00","breadcrumb":{"@id":"https:\/\/ikreando.cl\/index.php\/remodelaciones\/#breadcrumb"},"inLanguage":"es","potentialAction":[{"@type":"ReadAction","target":["https:\/\/ikreando.cl\/index.php\/remodelaciones\/"]}]},{"@type":"BreadcrumbList","@id":"https:\/\/ikreando.cl\/index.php\/remodelaciones\/#breadcrumb","itemListElement":[{"@type":"ListItem","position":1,"name":"Portada","item":"https:\/\/ikreando.cl\/"},{"@type":"ListItem","position":2,"name":"Remodelaciones"}]},{"@type":"WebSite","@id":"https:\/\/ikreando.cl\/#website","url":"https:\/\/ikreando.cl\/","name":"Ikreando","description":"","potentialAction":[{"@type":"SearchAction","target":{"@type":"EntryPoint","urlTemplate":"https:\/\/ikreando.cl\/?s={search_term_string}"},"query-input":{"@type":"PropertyValueSpecification","valueRequired":true,"valueName":"search_term_string"}}],"inLanguage":"es"}]}},"_links":{"self":[{"href":"https:\/\/ikreando.cl\/index.php\/wp-json\/wp\/v2\/pages\/39","targetHints":{"allow":["GET"]}}],"collection":[{"href":"https:\/\/ikreando.cl\/index.php\/wp-json\/wp\/v2\/pages"}],"about":[{"href":"https:\/\/ikreando.cl\/index.php\/wp-json\/wp\/v2\/types\/page"}],"author":[{"embeddable":true,"href":"https:\/\/ikreando.cl\/index.php\/wp-json\/wp\/v2\/users\/1"}],"replies":[{"embeddable":true,"href":"https:\/\/ikreando.cl\/index.php\/wp-json\/wp\/v2\/comments?post=39"}],"version-history":[{"count":6,"href":"https:\/\/ikreando.cl\/index.php\/wp-json\/wp\/v2\/pages\/39\/revisions"}],"predecessor-version":[{"id":414,"href":"https:\/\/ikreando.cl\/index.php\/wp-json\/wp\/v2\/pages\/39\/revisions\/414"}],"wp:attachment":[{"href":"https:\/\/ikreando.cl\/index.php\/wp-json\/wp\/v2\/media?parent=39"}],"curies":[{"name":"wp","href":"https:\/\/api.w.org\/{rel}","templated":true}]}}